{"id":1583,"date":"2021-10-07T18:42:42","date_gmt":"2021-10-07T18:42:42","guid":{"rendered":"https:\/\/halstein.qodeinteractive.com\/?page_id=1583"},"modified":"2024-09-12T11:39:31","modified_gmt":"2024-09-12T08:39:31","slug":"our-team","status":"publish","type":"page","link":"https:\/\/sasveritas.com\/tr\/our-team\/","title":{"rendered":"Ekip"},"content":{"rendered":"<div data-elementor-type=\"wp-page\" data-elementor-id=\"1583\" class=\"elementor elementor-1583\">\n\t\t\t\t\t\t<section class=\"elementor-section elementor-top-section elementor-element elementor-element-14f6dde elementor-section-full_width qodef-elementor-content-grid elementor-section-height-default elementor-section-height-default\" data-id=\"14f6dde\" data-element_type=\"section\">\n\t\t\t\t\t\t<div class=\"elementor-container elementor-column-gap-default\">\n\t\t\t\t\t<div class=\"elementor-column elementor-col-100 elementor-top-column elementor-element elementor-element-936be5a\" data-id=\"936be5a\" data-element_type=\"column\">\n\t\t\t<div class=\"elementor-widget-wrap elementor-element-populated\">\n\t\t\t\t\t\t<div class=\"elementor-element elementor-element-79e8c1f elementor-widget__width-initial elementor-widget elementor-widget-halstein_core_section_title\" data-id=\"79e8c1f\" data-element_type=\"widget\" data-widget_type=\"halstein_core_section_title.default\">\n\t\t\t\t<div class=\"elementor-widget-container\">\n\t\t\t<div class=\"qodef-shortcode qodef-m  qodef-section-title qodef-alignment--left\">\n\t\t<h6 class=\"qodef-m-tagline\" >\n\t\tSasVer\u0131tas dan\u0131\u015fmanlar\u0131\t<\/h6>\n\t\t<h2 class=\"qodef-m-title\" >\n\t\t\t\t\t\u0130\u015finin ehli, alan\u0131nda uzman dan\u0131\u015fmanlar, ekibimizdir.\t\t\t<\/h2>\n\t\t\t<\/div>\n\t\t<\/div>\n\t\t\t\t<\/div>\n\t\t\t\t<section class=\"elementor-section elementor-inner-section elementor-element elementor-element-1e6f265 elementor-section-full_width elementor-section-height-default elementor-section-height-default qodef-elementor-content-no\" data-id=\"1e6f265\" data-element_type=\"section\">\n\t\t\t\t\t\t<div class=\"elementor-container elementor-column-gap-default\">\n\t\t\t\t\t<div class=\"elementor-column elementor-col-33 elementor-inner-column elementor-element elementor-element-4de4b38\" data-id=\"4de4b38\" data-element_type=\"column\">\n\t\t\t<div class=\"elementor-widget-wrap elementor-element-populated\">\n\t\t\t\t\t\t<div class=\"elementor-element elementor-element-0b93294 elementor-widget elementor-widget-halstein_core_team_member\" data-id=\"0b93294\" data-element_type=\"widget\" data-widget_type=\"halstein_core_team_member.default\">\n\t\t\t\t<div class=\"elementor-widget-container\">\n\t\t\t<div class=\"qodef-shortcode qodef-m  qodef-team-member qodef-item-layout--info-below\">\n\t<div class=\"qodef-m-inner\">\n\t<div class=\"qodef-m-image\">\n\t\t\t<div class=\"qodef-m-media-image\">\n\t\t<img fetchpriority=\"high\" decoding=\"async\" width=\"1200\" height=\"1200\" src=\"https:\/\/sasveritas.com\/wp-content\/uploads\/2021\/10\/seda-3.jpg\" class=\"attachment-full size-full wp-post-image\" alt=\"\" srcset=\"https:\/\/sasveritas.com\/wp-content\/uploads\/2021\/10\/seda-3.jpg 1200w, https:\/\/sasveritas.com\/wp-content\/uploads\/2021\/10\/seda-3-300x300.jpg 300w, https:\/\/sasveritas.com\/wp-content\/uploads\/2021\/10\/seda-3-1024x1024.jpg 1024w, https:\/\/sasveritas.com\/wp-content\/uploads\/2021\/10\/seda-3-150x150.jpg 150w, https:\/\/sasveritas.com\/wp-content\/uploads\/2021\/10\/seda-3-768x768.jpg 768w, https:\/\/sasveritas.com\/wp-content\/uploads\/2021\/10\/seda-3-12x12.jpg 12w, https:\/\/sasveritas.com\/wp-content\/uploads\/2021\/10\/seda-3-650x650.jpg 650w\" sizes=\"(max-width: 1200px) 100vw, 1200px\" \/>\t<\/div>\n\t\t<\/div>\n\t<div class=\"qodef-m-content\" >\n\t\t<div class=\"qodef-m-content-left\">\n\t\t\t<h4 itemprop=\"name\" class=\"qodef-m-title entry-title\">\n\t\t\tSeda \u015eahin Bayraktar\t<\/h4>\n\t\t\t\t<p class=\"qodef-m-role\">CEO<\/p>\n\t\t<\/div>\n\t\t<div class=\"qodef-m-content-right\">\n\t\t\t\t<div class=\"qodef-team-member-social-icons\">\n\t\t\t\t\t\t\t<a class=\"qodef-team-member-social-icon\" href=\"http:\/\/www.linkedin.com\/in\/seda-\u015fahin-bayraktar-18629516\" target=\"_blank\">\n\t\t\t\t\t\t<span class=\"qodef-icon-font-awesome fab fa-linkedin\" ><\/span>\t\t\t\t\t<\/a>\n\t\t\t\t\t\t\t\t\t\t\t\t\t\t<a class=\"qodef-team-member-social-icon\" href=\"mailto:seda@sasveritas.com\" target=\"_blank\">\n\t\t\t\t\t\t<span class=\"qodef-icon-font-awesome fa fa-envelope\" ><\/span>\t\t\t\t\t<\/a>\n\t\t\t\t\t\t\t\t\t\t<\/div>\n\t\t<\/div>\n\t<\/div>\n<\/div>\n<\/div>\n\t\t<\/div>\n\t\t\t\t<\/div>\n\t\t\t\t\t<\/div>\n\t\t<\/div>\n\t\t\t\t<div class=\"elementor-column elementor-col-66 elementor-inner-column elementor-element elementor-element-049c4b1\" data-id=\"049c4b1\" data-element_type=\"column\">\n\t\t\t<div class=\"elementor-widget-wrap elementor-element-populated\">\n\t\t\t\t\t\t<div class=\"elementor-element elementor-element-2b2fe43 elementor-widget elementor-widget-text-editor\" data-id=\"2b2fe43\" data-element_type=\"widget\" data-widget_type=\"text-editor.default\">\n\t\t\t\t<div class=\"elementor-widget-container\">\n\t\t\t<style>\/*! elementor - v3.21.0 - 26-05-2024 *\/\n.elementor-widget-text-editor.elementor-drop-cap-view-stacked .elementor-drop-cap{background-color:#69727d;color:#fff}.elementor-widget-text-editor.elementor-drop-cap-view-framed .elementor-drop-cap{color:#69727d;border:3px solid;background-color:transparent}.elementor-widget-text-editor:not(.elementor-drop-cap-view-default) .elementor-drop-cap{margin-top:8px}.elementor-widget-text-editor:not(.elementor-drop-cap-view-default) .elementor-drop-cap-letter{width:1em;height:1em}.elementor-widget-text-editor .elementor-drop-cap{float:left;text-align:center;line-height:1;font-size:50px}.elementor-widget-text-editor .elementor-drop-cap-letter{display:inline-block}<\/style>\t\t\t\t<p>Avukat Seda \u015eahin Bayraktar, 2019 y\u0131l\u0131ndan itibaren Montenegro\u2019da \u00f6ncesinde de T\u00fcrkiye\u2019de olmak \u00fczere; a\u011f\u0131rl\u0131kl\u0131 olarak in\u015faat, turizm, gayrimenkul geli\u015ftirme olmak \u00fczere \u00e7e\u015fitli sekt\u00f6rlerde faaliyet g\u00f6steren \u015firketlerin kurumsal dan\u0131\u015fmanl\u0131\u011f\u0131n\u0131 yapm\u0131\u015ft\u0131r. Bu \u015firketlerin ad\u0131na hukuki inceleme, yeniden yap\u0131land\u0131rma i\u015flemleri y\u00fcr\u00fctm\u00fc\u015f; yerli ve yabanc\u0131 sermayeli pek \u00e7ok \u015firketin hukuki s\u00fcre\u00e7lerine rehberlik etmi\u015ftir.<\/p><p>Ticaret ve \u015firketler hukuku, S\u00f6zle\u015fme hukuku ve Gayrimenkul hukuku alanlar\u0131nda uzmanl\u0131\u011f\u0131 bulunan Seda \u015eahin Bayraktar, Sas Veritas\u2019\u0131n hem kurucu orta\u011f\u0131 hem de hukuk ve uyum departmanlar\u0131n\u0131n bizzat ba\u015f\u0131nda bulunmaktad\u0131r. Marmara \u00dcniversitesi Hukuk Fak\u00fcltesi mezunu olarak \u0130stanbul Barosu\u2019na kay\u0131tl\u0131d\u0131r. Anadili T\u00fcrk\u00e7e olup \u0130ngilizce ve Almanca konu\u015fmaktad\u0131r.<\/p>\t\t\t\t\t\t<\/div>\n\t\t\t\t<\/div>\n\t\t\t\t\t<\/div>\n\t\t<\/div>\n\t\t\t\t\t<\/div>\n\t\t<\/section>\n\t\t\t\t<section class=\"elementor-section elementor-inner-section elementor-element elementor-element-9981e2d elementor-section-full_width elementor-section-height-default elementor-section-height-default qodef-elementor-content-no\" data-id=\"9981e2d\" data-element_type=\"section\">\n\t\t\t\t\t\t<div class=\"elementor-container elementor-column-gap-default\">\n\t\t\t\t\t<div class=\"elementor-column elementor-col-33 elementor-inner-column elementor-element elementor-element-1ccf61b\" data-id=\"1ccf61b\" data-element_type=\"column\">\n\t\t\t<div class=\"elementor-widget-wrap elementor-element-populated\">\n\t\t\t\t\t\t<div class=\"elementor-element elementor-element-e7bfa2c elementor-widget elementor-widget-halstein_core_team_member\" data-id=\"e7bfa2c\" data-element_type=\"widget\" data-widget_type=\"halstein_core_team_member.default\">\n\t\t\t\t<div class=\"elementor-widget-container\">\n\t\t\t<div class=\"qodef-shortcode qodef-m  qodef-team-member qodef-item-layout--info-below\">\n\t<div class=\"qodef-m-inner\">\n\t<div class=\"qodef-m-image\">\n\t\t\t<div class=\"qodef-m-media-image\">\n\t\t<img decoding=\"async\" width=\"640\" height=\"640\" src=\"https:\/\/sasveritas.com\/wp-content\/uploads\/2021\/10\/ilknur.jpg\" class=\"attachment-full size-full wp-post-image\" alt=\"\" srcset=\"https:\/\/sasveritas.com\/wp-content\/uploads\/2021\/10\/ilknur.jpg 640w, https:\/\/sasveritas.com\/wp-content\/uploads\/2021\/10\/ilknur-300x300.jpg 300w, https:\/\/sasveritas.com\/wp-content\/uploads\/2021\/10\/ilknur-150x150.jpg 150w, https:\/\/sasveritas.com\/wp-content\/uploads\/2021\/10\/ilknur-12x12.jpg 12w\" sizes=\"(max-width: 640px) 100vw, 640px\" \/>\t<\/div>\n\t\t<\/div>\n\t<div class=\"qodef-m-content\" >\n\t\t<div class=\"qodef-m-content-left\">\n\t\t\t<h4 itemprop=\"name\" class=\"qodef-m-title entry-title\">\n\t\t\t\u0130lknur Zafer Merz\t<\/h4>\n\t\t\t\t<p class=\"qodef-m-role\">COO<\/p>\n\t\t<\/div>\n\t\t<div class=\"qodef-m-content-right\">\n\t\t\t\t<div class=\"qodef-team-member-social-icons\">\n\t\t\t\t\t\t\t<a class=\"qodef-team-member-social-icon\" href=\"https:\/\/www.linkedin.com\/in\/ilknur-zafer-merz-ll-m-40127116\/\" target=\"_blank\">\n\t\t\t\t\t\t<span class=\"qodef-icon-font-awesome fab fa-linkedin\" ><\/span>\t\t\t\t\t<\/a>\n\t\t\t\t\t\t\t\t\t\t\t\t\t\t<a class=\"qodef-team-member-social-icon\" href=\"mailto:ilknur@sasveritas.com\" target=\"_blank\">\n\t\t\t\t\t\t<span class=\"qodef-icon-font-awesome fa fa-envelope\" ><\/span>\t\t\t\t\t<\/a>\n\t\t\t\t\t\t\t\t\t\t<\/div>\n\t\t<\/div>\n\t<\/div>\n<\/div>\n<\/div>\n\t\t<\/div>\n\t\t\t\t<\/div>\n\t\t\t\t\t<\/div>\n\t\t<\/div>\n\t\t\t\t<div class=\"elementor-column elementor-col-66 elementor-inner-column elementor-element elementor-element-791fc10\" data-id=\"791fc10\" data-element_type=\"column\">\n\t\t\t<div class=\"elementor-widget-wrap elementor-element-populated\">\n\t\t\t\t\t\t<div class=\"elementor-element elementor-element-5c01ab8 elementor-widget elementor-widget-text-editor\" data-id=\"5c01ab8\" data-element_type=\"widget\" data-widget_type=\"text-editor.default\">\n\t\t\t\t<div class=\"elementor-widget-container\">\n\t\t\t\t\t\t\t<p>Avukat \u0130lknur Zafer Merz meslek hayat\u0131 boyunca T\u00fcrkiye\u2019nin sayg\u0131n hukuk b\u00fcrolar\u0131nda \u00e7al\u0131\u015fm\u0131\u015f, en son 2016 y\u0131l\u0131nda PwC T\u00fcrkiye\u2019den k\u0131demli avukat olarak ayr\u0131larak Berlin\u2019e yerle\u015fmi\u015ftir. \u0130stanbul ve Berlin Barolar\u0131na kay\u0131tl\u0131 olan \u0130lknur Zafer Merz, \u015firketimizin kuruldu\u011fu g\u00fcnden bu yana ayn\u0131 prensipler ile \u00e7al\u0131\u015ft\u0131\u011f\u0131m\u0131z ve temsil etti\u011fimiz \u015firketlerimizin global d\u00fczeydeki ihtiya\u00e7lar\u0131na rehberlik etti\u011fimiz i\u015f orta\u011f\u0131m\u0131zd\u0131r.<\/p><p><span style=\"color: var( --e-global-color-text ); font-family: var( --e-global-typography-text-font-family ), Sans-serif; font-weight: var( --e-global-typography-text-font-weight ); letter-spacing: 0px; text-transform: initial;\">\u0130n\u015faat, elektronik ve gayrimenkul olmak \u00fczere \u00e7e\u015fitli sekt\u00f6rlerde faaliyet g\u00f6steren \u015firketlerin birle\u015fme ve devralma i\u015flemlerini y\u00fcr\u00fctm\u00fc\u015f, yerli ve yabanc\u0131 sermayeli pek \u00e7ok \u015firketin hukuki dan\u0131\u015fmanl\u0131\u011f\u0131n\u0131 yapm\u0131\u015ft\u0131r.<\/span><\/p><p><span style=\"color: var( --e-global-color-text ); font-family: var( --e-global-typography-text-font-family ), Sans-serif; font-weight: var( --e-global-typography-text-font-weight ); letter-spacing: 0px; text-transform: initial;\">\u0130lknur Zafer Merz\u2019in Ticaret ve \u015eirketler Hukuku, S\u00f6zle\u015fme Hukuku alanlar\u0131nda uluslararas\u0131 uzmanl\u0131\u011f\u0131 bulunmaktad\u0131r. \u0130stanbul Bilgi \u00dcniversitesi Hukuk Fak\u00fcltesi'nden mezun olduktan sonra \u0130ngiltere\u2019de bulunan Swansea \u00dcniversitesi Hukuk Fak\u00fcltesi Y\u00fcksek Lisans (LL.M.) Program\u0131ndan mezun olmu\u015ftur. \u0130stanbul ve Berlin Barosuna kay\u0131tl\u0131d\u0131r. Anadili T\u00fcrk\u00e7e olup \u0130ngilizce ve Almanca da konu\u015fmaktad\u0131r.<\/span><\/p>\t\t\t\t\t\t<\/div>\n\t\t\t\t<\/div>\n\t\t\t\t\t<\/div>\n\t\t<\/div>\n\t\t\t\t\t<\/div>\n\t\t<\/section>\n\t\t\t\t\t<\/div>\n\t\t<\/div>\n\t\t\t\t\t<\/div>\n\t\t<\/section>\n\t\t\t\t<\/div>","protected":false},"excerpt":{"rendered":"<p>SasVeritas Consultants Eminent consultants, masters in their craft are our team. Seda \u015eahin Bayraktar CEO Lawyer Seda \u015eahin Bayraktar has been working in Montenegro since 2019 and before that in Turkey; she has worked as a corporate consultant for companies operating in various sectors, mainly construction, tourism and real estate development. She carried out legal [&hellip;]<\/p>","protected":false},"author":1,"featured_media":0,"parent":0,"menu_order":0,"comment_status":"closed","ping_status":"closed","template":"page-full-width.php","meta":{"footnotes":""},"class_list":["post-1583","page","type-page","status-publish","hentry"],"_links":{"self":[{"href":"https:\/\/sasveritas.com\/tr\/wp-json\/wp\/v2\/pages\/1583","targetHints":{"allow":["GET"]}}],"collection":[{"href":"https:\/\/sasveritas.com\/tr\/wp-json\/wp\/v2\/pages"}],"about":[{"href":"https:\/\/sasveritas.com\/tr\/wp-json\/wp\/v2\/types\/page"}],"author":[{"embeddable":true,"href":"https:\/\/sasveritas.com\/tr\/wp-json\/wp\/v2\/users\/1"}],"replies":[{"embeddable":true,"href":"https:\/\/sasveritas.com\/tr\/wp-json\/wp\/v2\/comments?post=1583"}],"version-history":[{"count":74,"href":"https:\/\/sasveritas.com\/tr\/wp-json\/wp\/v2\/pages\/1583\/revisions"}],"predecessor-version":[{"id":10629,"href":"https:\/\/sasveritas.com\/tr\/wp-json\/wp\/v2\/pages\/1583\/revisions\/10629"}],"wp:attachment":[{"href":"https:\/\/sasveritas.com\/tr\/wp-json\/wp\/v2\/media?parent=1583"}],"curies":[{"name":"wp","href":"https:\/\/api.w.org\/{rel}","templated":true}]}}